{"id":1186,"date":"2023-11-21T12:36:50","date_gmt":"2023-11-21T19:36:50","guid":{"rendered":"https:\/\/desec.mx\/interviews-and-podcast\/"},"modified":"2023-12-22T16:36:23","modified_gmt":"2023-12-22T23:36:23","slug":"interviews-and-podcast","status":"publish","type":"page","link":"https:\/\/desec.mx\/en\/interviews-and-podcast\/","title":{"rendered":"Interviews and Podcast"},"content":{"rendered":"<p><div class=\"fusion-fullwidth fullwidth-box fusion-builder-row-1 fusion-flex-container has-pattern-background has-mask-background fusion-parallax-none nonhundred-percent-fullwidth non-hundred-percent-height-scrolling fusion-animated\" style=\"--awb-border-radius-top-left:0px;--awb-border-radius-top-right:0px;--awb-border-radius-bottom-right:0px;--awb-border-radius-bottom-left:0px;--awb-padding-top-small:20vw;--awb-padding-bottom-small:17vw;--awb-min-height:70vh;--awb-background-color:var(--awb-color6);--awb-background-image:linear-gradient(180deg, hsla(var(--awb-color7-h),var(--awb-color7-s),var(--awb-color7-l),calc(var(--awb-color7-a) - 85%)) 0%,hsla(var(--awb-color7-h),var(--awb-color7-s),var(--awb-color7-l),calc(var(--awb-color7-a) - 35%)) 100%),url(https:\/\/desec.mx\/wp-content\/uploads\/2023\/11\/Podcast-y-Entrevistas-DESEC.jpg);;--awb-background-image-small:linear-gradient(180deg, hsla(var(--awb-color7-h),var(--awb-color7-s),var(--awb-color7-l),calc(var(--awb-color7-a) - 85%)) 0%,hsla(var(--awb-color7-h),var(--awb-color7-s),var(--awb-color7-l),calc(var(--awb-color7-a) - 35%)) 100%),url(https:\/\/desec.mx\/wp-content\/uploads\/2023\/11\/Podcas-y-Entrevistas-DESEC-sq.jpg);;--awb-background-size:cover;--awb-flex-wrap:wrap;--awb-animation-color:var(--awb-color7);\" data-preload-img=\"https:\/\/desec.mx\/wp-content\/uploads\/2023\/11\/Podcast-y-Entrevistas-DESEC.jpg\" data-animationType=\"revealInLeft\" data-animationDuration=\"1.3\" data-animationOffset=\"top-into-view\" ><div class=\"fusion-builder-row fusion-row fusion-flex-align-items-center fusion-flex-align-content-center fusion-flex-justify-content-center fusion-flex-content-wrap\" style=\"max-width:calc( 1200px + 0px );margin-left: calc(-0px \/ 2 );margin-right: calc(-0px \/ 2 );\"><div class=\"fusion-layout-column fusion_builder_column fusion-builder-column-0 fusion-flex-column\" style=\"--awb-bg-size:cover;--awb-transform:translateY(50px);--awb-transform-hover:translateY(50px);--awb-width-large:77.24%;--awb-margin-top-large:0px;--awb-spacing-right-large:0px;--awb-margin-bottom-large:0px;--awb-spacing-left-large:0px;--awb-width-medium:77.24%;--awb-order-medium:0;--awb-spacing-right-medium:0px;--awb-spacing-left-medium:0px;--awb-width-small:100%;--awb-order-small:0;--awb-spacing-right-small:0px;--awb-spacing-left-small:0px;\" data-motion-effects=\"[{&quot;type&quot;:&quot;scroll&quot;,&quot;scroll_direction&quot;:&quot;up&quot;,&quot;transition_speed&quot;:&quot;2.0&quot;},{&quot;type&quot;:&quot;scroll&quot;,&quot;scroll_type&quot;:&quot;fade&quot;,&quot;fade_type&quot;:&quot;out&quot;,&quot;start_element&quot;:&quot;bottom&quot;,&quot;start_viewport&quot;:&quot;center&quot;}]\" data-scroll-devices=\"small-visibility,medium-visibility,large-visibility\"><div class=\"fusion-column-wrapper fusion-column-has-shadow fusion-flex-justify-content-flex-start fusion-content-layout-column\"><div class=\"fusion-title title fusion-title-1 fusion-sep-none fusion-title-center fusion-title-text fusion-title-size-div\" style=\"--awb-text-color:var(--awb-color1);--awb-margin-top:0px;--awb-margin-top-small:10px;--awb-margin-right-small:0px;--awb-margin-bottom-small:10px;--awb-margin-left-small:0px;--awb-font-size:var(--awb-typography2-font-size);\"><div class=\"fusion-title-heading title-heading-center title-heading-tag\" style=\"margin:0;letter-spacing:var(--awb-typography2-letter-spacing);text-transform:var(--awb-typography2-text-transform);font-size:1em;line-height:var(--awb-typography2-line-height);text-shadow:1px 1px 0px var(--awb-color7);\">Dialogues for Development<\/div><\/div><div class=\"fusion-title title fusion-title-2 fusion-no-small-visibility fusion-sep-none fusion-title-center fusion-title-text fusion-title-size-one\" style=\"--awb-text-color:var(--awb-color1);--awb-margin-bottom:60px;--awb-margin-top-small:10px;--awb-margin-right-small:0px;--awb-margin-bottom-small:10px;--awb-margin-left-small:0px;\"><h1 class=\"fusion-title-heading title-heading-center\" style=\"margin:0;text-shadow:1px 1px 0px var(--awb-color8);\">Podcast and Interviews<\/h1><\/div><div class=\"fusion-title title fusion-title-3 fusion-no-medium-visibility fusion-no-large-visibility fusion-sep-none fusion-title-center fusion-title-text fusion-title-size-one\" style=\"--awb-text-color:var(--awb-color1);--awb-margin-bottom:60px;--awb-margin-top-small:10px;--awb-margin-right-small:0px;--awb-margin-bottom-small:30px;--awb-margin-left-small:0px;--awb-font-size:40px;\"><h1 class=\"fusion-title-heading title-heading-center\" style=\"margin:0;font-size:1em;line-height:52px;text-shadow:1px 1px 0px var(--awb-color8);\">Podcast and Interviews<\/h1><\/div><div style=\"text-align:center;\"><a class=\"fusion-button button-flat button-xlarge button-default fusion-button-default button-1 fusion-button-default-span fusion-button-default-type\" style=\"--button-border-radius-top-left:20px;--button-border-radius-top-right:20px;--button-border-radius-bottom-right:20px;--button-border-radius-bottom-left:20px;\" target=\"_blank\" rel=\"noopener noreferrer\" href=\"https:\/\/www.facebook.com\/watch\/100063602259318\/6883473181746869\"><span class=\"fusion-button-text awb-button__text awb-button__text--default\">Go to our podcast<\/span><\/a><\/div><\/div><\/div><\/div><\/div><div class=\"fusion-fullwidth fullwidth-box fusion-builder-row-2 fusion-flex-container has-pattern-background has-mask-background nonhundred-percent-fullwidth non-hundred-percent-height-scrolling\" style=\"--awb-border-radius-top-left:0px;--awb-border-radius-top-right:0px;--awb-border-radius-bottom-right:0px;--awb-border-radius-bottom-left:0px;--awb-padding-top:2%;--awb-padding-bottom:2%;--awb-flex-wrap:wrap;\" ><div class=\"awb-background-pattern\" style=\"background-image:  url(data:image\/svg+xml;utf8,%3Csvg%20width%3D%22160%22%20height%3D%22120%22%20fill%3D%22none%22%20xmlns%3D%22http%3A%2F%2Fwww.w3.org%2F2000%2Fsvg%22%3E%3Cg%20clip-path%3D%22url%28%23prefix__clip0_43_381%29%22%20stroke%3D%22rgba%28255%2C183%2C151%2C1%29%22%20stroke-width%3D%222%22%3E%3Cpath%20d%3D%22M-66.839%2019.027C-44.46%2018.538-22.38%207.377%200%207.5c22.383.123%2057.617%2015%2080%2015%2022.383%200%2057.617-14.877%2080-15%2022.381-.123%2044.461%2011.037%2066.839%2011.527M-66.839%2049.028C-44.46%2048.537-22.38%2037.377%200%2037.5c22.383.123%2057.617%2015%2080%2015%2022.383%200%2057.617-14.877%2080-15%2022.381-.123%2044.461%2011.037%2066.839%2011.528M-66.839%2079.028C-44.46%2078.537-22.38%2067.377%200%2067.5c22.383.123%2057.617%2015%2080%2015%2022.383%200%2057.617-14.877%2080-15%2022.381-.123%2044.461%2011.037%2066.839%2011.528M-66.839%20109.027C-44.46%20108.537-22.38%2097.377%200%2097.5c22.383.123%2057.617%2015%2080%2015%2022.383%200%2057.617-14.877%2080-15%2022.381-.123%2044.461%2011.037%2066.839%2011.527%22%2F%3E%3C%2Fg%3E%3Cdefs%3E%3CclipPath%20id%3D%22prefix__clip0_43_381%22%3E%3Cpath%20fill%3D%22%23fff%22%20d%3D%22M0%200h160v120H0z%22%2F%3E%3C%2FclipPath%3E%3C%2Fdefs%3E%3C%2Fsvg%3E);opacity: 0.38 ;mix-blend-mode:normal;\"><\/div><div class=\"awb-background-mask\" style=\"background-image:  url(data:image\/svg+xml;utf8,%3Csvg%20width%3D%221920%22%20height%3D%22954%22%20fill%3D%22none%22%20xmlns%3D%22http%3A%2F%2Fwww.w3.org%2F2000%2Fsvg%22%3E%3Cpath%20fill-rule%3D%22evenodd%22%20clip-rule%3D%22evenodd%22%20d%3D%22M0%20142.846l198.069%20114.355L346.565%200H1920v277.018L1802.38%2073.291l-734.85%20424.264L1331.06%20954H0V142.846zm649.936%20713.71l18.301-68.301%2068.301%2018.301-18.301%2068.301-68.301-18.301z%22%20fill%3D%22rgba%28255%2C255%2C255%2C1%29%22%2F%3E%3C%2Fsvg%3E);opacity: 1 ;transform: scale(-1, -1);mix-blend-mode:normal;\"><\/div><div class=\"fusion-builder-row fusion-row fusion-flex-align-items-center fusion-flex-justify-content-center fusion-flex-content-wrap\" style=\"max-width:1248px;margin-left: calc(-4% \/ 2 );margin-right: calc(-4% \/ 2 );\"><div class=\"fusion-layout-column fusion_builder_column fusion-builder-column-1 fusion_builder_column_1_2 1_2 fusion-flex-column\" style=\"--awb-bg-size:cover;--awb-width-large:50%;--awb-margin-top-large:0px;--awb-spacing-right-large:3.84%;--awb-margin-bottom-large:20px;--awb-spacing-left-large:3.84%;--awb-width-medium:50%;--awb-order-medium:0;--awb-spacing-right-medium:3.84%;--awb-spacing-left-medium:3.84%;--awb-width-small:100%;--awb-order-small:0;--awb-spacing-right-small:1.92%;--awb-spacing-left-small:1.92%;\"><div class=\"fusion-column-wrapper fusion-column-has-shadow fusion-flex-justify-content-flex-start fusion-content-layout-column\"><div class=\"fusion-image-element \" style=\"text-align:center;--awb-mask-url: url(https:\/\/desec.mx\/wp-content\/plugins\/fusion-builder\/\/assets\/images\/masks\/mask-10.svg);--awb-caption-title-font-family:var(--h2_typography-font-family);--awb-caption-title-font-weight:var(--h2_typography-font-weight);--awb-caption-title-font-style:var(--h2_typography-font-style);--awb-caption-title-size:var(--h2_typography-font-size);--awb-caption-title-transform:var(--h2_typography-text-transform);--awb-caption-title-line-height:var(--h2_typography-line-height);--awb-caption-title-letter-spacing:var(--h2_typography-letter-spacing);\"><span class=\" fusion-imageframe imageframe-none imageframe-1 hover-type-none has-mask\"><img decoding=\"async\" width=\"1000\" height=\"1000\" alt=\"Podcast y Entrevistas DESEC\" title=\"Podcasting concept\" src=\"https:\/\/desec.mx\/wp-content\/uploads\/2023\/11\/Podcast-y-Entrevistas-DESEC-2-sq.jpg\" class=\"img-responsive wp-image-905\" srcset=\"https:\/\/desec.mx\/wp-content\/uploads\/2023\/11\/Podcast-y-Entrevistas-DESEC-2-sq-200x200.jpg 200w, https:\/\/desec.mx\/wp-content\/uploads\/2023\/11\/Podcast-y-Entrevistas-DESEC-2-sq-400x400.jpg 400w, https:\/\/desec.mx\/wp-content\/uploads\/2023\/11\/Podcast-y-Entrevistas-DESEC-2-sq-600x600.jpg 600w, https:\/\/desec.mx\/wp-content\/uploads\/2023\/11\/Podcast-y-Entrevistas-DESEC-2-sq-800x800.jpg 800w, https:\/\/desec.mx\/wp-content\/uploads\/2023\/11\/Podcast-y-Entrevistas-DESEC-2-sq.jpg 1000w\" sizes=\"(max-width: 640px) 100vw, 600px\" \/><\/span><\/div><\/div><\/div><div class=\"fusion-layout-column fusion_builder_column fusion-builder-column-2 fusion_builder_column_1_2 1_2 fusion-flex-column\" style=\"--awb-bg-size:cover;--awb-width-large:50%;--awb-margin-top-large:0px;--awb-spacing-right-large:3.84%;--awb-margin-bottom-large:20px;--awb-spacing-left-large:3.84%;--awb-width-medium:50%;--awb-order-medium:0;--awb-spacing-right-medium:3.84%;--awb-spacing-left-medium:3.84%;--awb-width-small:100%;--awb-order-small:0;--awb-spacing-right-small:1.92%;--awb-spacing-left-small:1.92%;\"><div class=\"fusion-column-wrapper fusion-column-has-shadow fusion-flex-justify-content-flex-start fusion-content-layout-column\"><div class=\"fusion-text fusion-text-1\" style=\"--awb-content-alignment:justify;--awb-font-size:20px;\"><p>Dive into the world of ideas and strategies that are shaping the future of Chihuahua through our podcasts and interviews.<\/p>\n<p>At DESEC, we bring you inspiring conversations with leaders, innovators and entrepreneurs who are at the forefront of regional change and development.<\/p>\n<p>Discover unique perspectives, success stories and valuable lessons for your own path to professional and business success.<\/p>\n<\/div><\/div><\/div><\/div><\/div><div class=\"fusion-fullwidth fullwidth-box fusion-builder-row-3 fusion-flex-container has-pattern-background has-mask-background hundred-percent-fullwidth non-hundred-percent-height-scrolling\" style=\"--awb-border-radius-top-left:0px;--awb-border-radius-top-right:0px;--awb-border-radius-bottom-right:0px;--awb-border-radius-bottom-left:0px;--awb-padding-right:5%;--awb-padding-left:5%;--awb-margin-top:2%;--awb-flex-wrap:wrap;--awb-flex-wrap-small:wrap;\" ><div class=\"fusion-builder-row fusion-row fusion-flex-align-items-flex-start fusion-flex-justify-content-center fusion-flex-content-wrap\" style=\"width:104% !important;max-width:104% !important;margin-left: calc(-4% \/ 2 );margin-right: calc(-4% \/ 2 );\"><div class=\"fusion-layout-column fusion_builder_column fusion-builder-column-3 fusion_builder_column_2_5 2_5 fusion-flex-column\" style=\"--awb-bg-size:cover;--awb-width-large:40%;--awb-margin-top-large:0px;--awb-spacing-right-large:4.8%;--awb-margin-bottom-large:20px;--awb-spacing-left-large:4.8%;--awb-width-medium:40%;--awb-order-medium:0;--awb-spacing-right-medium:4.8%;--awb-spacing-left-medium:4.8%;--awb-width-small:100%;--awb-order-small:0;--awb-spacing-right-small:1.92%;--awb-spacing-left-small:1.92%;\"><div class=\"fusion-column-wrapper fusion-column-has-shadow fusion-flex-justify-content-center fusion-content-layout-column\"><div class=\"fusion-title title fusion-title-4 fusion-sep-none fusion-title-text fusion-title-size-three\" style=\"--awb-margin-top-small:10px;--awb-margin-right-small:0px;--awb-margin-bottom-small:10px;--awb-margin-left-small:0px;\"><h3 class=\"fusion-title-heading title-heading-left\" style=\"margin:0;\">Carlos Casis and Gunther Barajas from Siemens<\/h3><\/div><!-- Envoltorio para el video -->\n<div style=\"position: relative; padding-top: 56.25%;\">\n  <!-- Tu iframe aqu\u00ed -->\n  <iframe src=\"https:\/\/www.facebook.com\/plugins\/video.php?height=314&href=https:\/\/www.facebook.com\/elreferentemx\/videos\/1140512596929850\/&show_text=false&width=560&t=0\" style=\"position: absolute; top: 0; left: 0; width: 100%; height: 100%; border: none; overflow: hidden;\" scrolling=\"no\" frameborder=\"0\" allowfullscreen=\"true\" allow=\"autoplay; clipboard-write; encrypted-media; picture-in-picture; web-share\">\n  <\/iframe>\n<\/div>\n<\/div><\/div><div class=\"fusion-layout-column fusion_builder_column fusion-builder-column-4 fusion_builder_column_2_5 2_5 fusion-flex-column fusion-flex-align-self-stretch\" style=\"--awb-bg-size:cover;--awb-width-large:40%;--awb-margin-top-large:0px;--awb-spacing-right-large:4.8%;--awb-margin-bottom-large:20px;--awb-spacing-left-large:4.8%;--awb-width-medium:40%;--awb-order-medium:0;--awb-spacing-right-medium:4.8%;--awb-spacing-left-medium:4.8%;--awb-width-small:100%;--awb-order-small:0;--awb-spacing-right-small:1.92%;--awb-spacing-left-small:1.92%;\"><div class=\"fusion-column-wrapper fusion-column-has-shadow fusion-flex-justify-content-center fusion-content-layout-column\"><div class=\"fusion-title title fusion-title-5 fusion-sep-none fusion-title-text fusion-title-size-three\" style=\"--awb-margin-top-small:10px;--awb-margin-right-small:0px;--awb-margin-bottom-small:10px;--awb-margin-left-small:0px;\"><h3 class=\"fusion-title-heading title-heading-left\" style=\"margin:0;\">Sergio Mendoza, president of Chihuahua Futura<\/h3><\/div><div style=\"position: relative; padding-top: 56.25%;\">\n  <iframe src=\"https:\/\/www.facebook.com\/plugins\/video.php?height=314&href=https:\/\/www.facebook.com\/elreferentemx\/videos\/899654268245579\/&show_text=false&width=560&t=0\" style=\"position: absolute; top: 0; left: 0; width: 100%; height: 100%; border: none; overflow: hidden;\" scrolling=\"no\" frameborder=\"0\" allowfullscreen=\"true\" allow=\"autoplay; clipboard-write; encrypted-media; picture-in-picture; web-share\">\n  <\/iframe>\n<\/div>\n<\/div><\/div><div class=\"fusion-layout-column fusion_builder_column fusion-builder-column-5 fusion_builder_column_2_5 2_5 fusion-flex-column fusion-flex-align-self-stretch\" style=\"--awb-bg-size:cover;--awb-width-large:40%;--awb-margin-top-large:0px;--awb-spacing-right-large:4.8%;--awb-margin-bottom-large:20px;--awb-spacing-left-large:4.8%;--awb-width-medium:40%;--awb-order-medium:0;--awb-spacing-right-medium:4.8%;--awb-spacing-left-medium:4.8%;--awb-width-small:100%;--awb-order-small:0;--awb-spacing-right-small:1.92%;--awb-spacing-left-small:1.92%;\"><div class=\"fusion-column-wrapper fusion-column-has-shadow fusion-flex-justify-content-center fusion-content-layout-column\"><div class=\"fusion-title title fusion-title-6 fusion-sep-none fusion-title-text fusion-title-size-three\" style=\"--awb-margin-top-small:10px;--awb-margin-right-small:0px;--awb-margin-bottom-small:10px;--awb-margin-left-small:0px;\"><h3 class=\"fusion-title-heading title-heading-left\" style=\"margin:0;\">Economics with Pedro Maynez and Jorge Ubay<\/h3><\/div><div style=\"position: relative; padding-top: 56.25%;\">\n  <iframe src=\"https:\/\/www.facebook.com\/plugins\/video.php?height=314&href=https:\/\/www.facebook.com\/elreferentemx\/videos\/6957636114327900\/&show_text=false&width=560&t=0\" style=\"position: absolute; top: 0; left: 0; width: 100%; height: 100%; border: none; overflow: hidden;\" scrolling=\"no\" frameborder=\"0\" allowfullscreen=\"true\" allow=\"autoplay; clipboard-write; encrypted-media; picture-in-picture; web-share\">\n  <\/iframe>\n<\/div>\n<\/div><\/div><div class=\"fusion-layout-column fusion_builder_column fusion-builder-column-6 fusion_builder_column_2_5 2_5 fusion-flex-column fusion-flex-align-self-stretch\" style=\"--awb-bg-size:cover;--awb-width-large:40%;--awb-margin-top-large:0px;--awb-spacing-right-large:4.8%;--awb-margin-bottom-large:20px;--awb-spacing-left-large:4.8%;--awb-width-medium:40%;--awb-order-medium:0;--awb-spacing-right-medium:4.8%;--awb-spacing-left-medium:4.8%;--awb-width-small:100%;--awb-order-small:0;--awb-spacing-right-small:1.92%;--awb-spacing-left-small:1.92%;\"><div class=\"fusion-column-wrapper fusion-column-has-shadow fusion-flex-justify-content-center fusion-content-layout-column\"><div class=\"fusion-title title fusion-title-7 fusion-sep-none fusion-title-text fusion-title-size-three\" style=\"--awb-margin-top-small:10px;--awb-margin-right-small:0px;--awb-margin-bottom-small:10px;--awb-margin-left-small:0px;\"><h3 class=\"fusion-title-heading title-heading-left\" style=\"margin:0;\">Aerospace Industry with FEMIA<\/h3><\/div><div style=\"position: relative; padding-top: 56.25%;\">\n  <iframe src=\"https:\/\/www.facebook.com\/plugins\/video.php?height=314&href=https:\/\/www.facebook.com\/elreferentemx\/videos\/677194337852860\/&show_text=false&width=560&t=0\" style=\"position: absolute; top: 0; left: 0; width: 100%; height: 100%; border: none; overflow: hidden;\" scrolling=\"no\" frameborder=\"0\" allowfullscreen=\"true\" allow=\"autoplay; clipboard-write; encrypted-media; picture-in-picture; web-share\">\n  <\/iframe>\n<\/div>\n<\/div><\/div><div class=\"fusion-layout-column fusion_builder_column fusion-builder-column-7 fusion_builder_column_2_5 2_5 fusion-flex-column fusion-flex-align-self-stretch\" style=\"--awb-bg-size:cover;--awb-width-large:40%;--awb-margin-top-large:0px;--awb-spacing-right-large:4.8%;--awb-margin-bottom-large:20px;--awb-spacing-left-large:4.8%;--awb-width-medium:40%;--awb-order-medium:0;--awb-spacing-right-medium:4.8%;--awb-spacing-left-medium:4.8%;--awb-width-small:100%;--awb-order-small:0;--awb-spacing-right-small:1.92%;--awb-spacing-left-small:1.92%;\"><div class=\"fusion-column-wrapper fusion-column-has-shadow fusion-flex-justify-content-space-around fusion-content-layout-column\"><div class=\"fusion-title title fusion-title-8 fusion-sep-none fusion-title-text fusion-title-size-three\" style=\"--awb-margin-top-small:10px;--awb-margin-right-small:0px;--awb-margin-bottom-small:10px;--awb-margin-left-small:0px;\"><h3 class=\"fusion-title-heading title-heading-left\" style=\"margin:0;\">Alejandro C\u00e1rdenas and Jorge \u00c1lvarez &#8211; Cybersecurity<\/h3><\/div><div style=\"position: relative; padding-top: 56.25%;\">\n  <iframe src=\"https:\/\/www.facebook.com\/plugins\/video.php?height=314&href=https:\/\/www.facebook.com\/elreferentemx\/videos\/363414929544140\/&show_text=false&width=560&t=0\" style=\"position: absolute; top: 0; left: 0; width: 100%; height: 100%; border: none; overflow: hidden;\" scrolling=\"no\" frameborder=\"0\" allowfullscreen=\"true\" allow=\"autoplay; clipboard-write; encrypted-media; picture-in-picture; web-share\">\n  <\/iframe>\n<\/div>\n<\/div><\/div><div class=\"fusion-layout-column fusion_builder_column fusion-builder-column-8 fusion_builder_column_2_5 2_5 fusion-flex-column fusion-flex-align-self-stretch\" style=\"--awb-bg-size:cover;--awb-width-large:40%;--awb-margin-top-large:0px;--awb-spacing-right-large:4.8%;--awb-margin-bottom-large:20px;--awb-spacing-left-large:4.8%;--awb-width-medium:40%;--awb-order-medium:0;--awb-spacing-right-medium:4.8%;--awb-spacing-left-medium:4.8%;--awb-width-small:100%;--awb-order-small:0;--awb-spacing-right-small:1.92%;--awb-spacing-left-small:1.92%;\"><div class=\"fusion-column-wrapper fusion-column-has-shadow fusion-flex-justify-content-center fusion-content-layout-column\"><div class=\"fusion-title title fusion-title-9 fusion-sep-none fusion-title-text fusion-title-size-three\" style=\"--awb-margin-top-small:10px;--awb-margin-right-small:0px;--awb-margin-bottom-small:10px;--awb-margin-left-small:0px;\"><h3 class=\"fusion-title-heading title-heading-left\" style=\"margin:0;\">Jorge Cruz Camberos, the current president of Chihuahua Economic Development (DESEC).<\/h3><\/div><div style=\"position: relative; padding-top: 56.25%;\">\n  <iframe src=\"https:\/\/www.facebook.com\/plugins\/video.php?height=314&href=https:\/\/www.facebook.com\/elreferentemx\/videos\/325270406958628\/&show_text=false&width=560&t=0\" style=\"position: absolute; top: 0; left: 0; width: 100%; height: 100%; border: none; overflow: hidden;\" scrolling=\"no\" frameborder=\"0\" allowfullscreen=\"true\" allow=\"autoplay; clipboard-write; encrypted-media; picture-in-picture; web-share\">\n  <\/iframe>\n<\/div>\n<\/div><\/div><div class=\"fusion-layout-column fusion_builder_column fusion-builder-column-9 fusion_builder_column_2_5 2_5 fusion-flex-column fusion-flex-align-self-stretch\" style=\"--awb-bg-size:cover;--awb-width-large:40%;--awb-margin-top-large:0px;--awb-spacing-right-large:4.8%;--awb-margin-bottom-large:20px;--awb-spacing-left-large:4.8%;--awb-width-medium:40%;--awb-order-medium:0;--awb-spacing-right-medium:4.8%;--awb-spacing-left-medium:4.8%;--awb-width-small:100%;--awb-order-small:0;--awb-spacing-right-small:1.92%;--awb-spacing-left-small:1.92%;\"><div class=\"fusion-column-wrapper fusion-column-has-shadow fusion-flex-justify-content-center fusion-content-layout-column\"><div class=\"fusion-title title fusion-title-10 fusion-sep-none fusion-title-text fusion-title-size-three\" style=\"--awb-margin-top-small:10px;--awb-margin-right-small:0px;--awb-margin-bottom-small:10px;--awb-margin-left-small:0px;\"><h3 class=\"fusion-title-heading title-heading-left\" style=\"margin:0;\">Chihuahua Futura, Alejandro C\u00e1rdenas and V\u00edctor L\u00f3pez.<\/h3><\/div><div style=\"position: relative; padding-top: 56.25%;\">\n  <iframe src=\"https:\/\/www.facebook.com\/plugins\/video.php?height=314&href=https:\/\/www.facebook.com\/elreferentemx\/videos\/729643702411368\/&show_text=false&width=560&t=0\" style=\"position: absolute; top: 0; left: 0; width: 100%; height: 100%; border: none; overflow: hidden;\" scrolling=\"no\" frameborder=\"0\" allowfullscreen=\"true\" allow=\"autoplay; clipboard-write; encrypted-media; picture-in-picture; web-share\">\n  <\/iframe>\n<\/div>\n<\/div><\/div><\/div><\/div><\/p>\n","protected":false},"excerpt":{"rendered":"","protected":false},"author":1,"featured_media":0,"parent":0,"menu_order":0,"comment_status":"closed","ping_status":"closed","template":"100-width.php","meta":{"footnotes":""},"class_list":["post-1186","page","type-page","status-publish","hentry"],"_links":{"self":[{"href":"https:\/\/desec.mx\/en\/wp-json\/wp\/v2\/pages\/1186","targetHints":{"allow":["GET"]}}],"collection":[{"href":"https:\/\/desec.mx\/en\/wp-json\/wp\/v2\/pages"}],"about":[{"href":"https:\/\/desec.mx\/en\/wp-json\/wp\/v2\/types\/page"}],"author":[{"embeddable":true,"href":"https:\/\/desec.mx\/en\/wp-json\/wp\/v2\/users\/1"}],"replies":[{"embeddable":true,"href":"https:\/\/desec.mx\/en\/wp-json\/wp\/v2\/comments?post=1186"}],"version-history":[{"count":3,"href":"https:\/\/desec.mx\/en\/wp-json\/wp\/v2\/pages\/1186\/revisions"}],"predecessor-version":[{"id":1189,"href":"https:\/\/desec.mx\/en\/wp-json\/wp\/v2\/pages\/1186\/revisions\/1189"}],"wp:attachment":[{"href":"https:\/\/desec.mx\/en\/wp-json\/wp\/v2\/media?parent=1186"}],"curies":[{"name":"wp","href":"https:\/\/api.w.org\/{rel}","templated":true}]}}